{"id":1393,"date":"2019-01-01T11:09:55","date_gmt":"2019-01-01T10:09:55","guid":{"rendered":"https:\/\/nomoreless.eu\/?page_id=1393"},"modified":"2023-02-27T18:34:12","modified_gmt":"2023-02-27T17:34:12","slug":"role-on","status":"publish","type":"page","link":"https:\/\/nomoreless.eu\/en\/productions\/role-on\/","title":{"rendered":"role on"},"content":{"rendered":"","protected":false},"excerpt":{"rendered":"","protected":false},"author":1,"featured_media":2485,"parent":1387,"menu_order":0,"comment_status":"closed","ping_status":"closed","template":"page-hintergrundbild.php","meta":{"_acf_changed":false,"inline_featured_image":false,"footnotes":""},"class_list":["post-1393","page","type-page","status-publish","has-post-thumbnail","hentry"],"acf":[],"yoast_head":"<!-- This site is optimized with the Yoast SEO plugin v26.6 - https:\/\/yoast.com\/wordpress\/plugins\/seo\/ -->\n<title>role on - cie.nomoreless<\/title>\n<meta name=\"robots\" content=\"index, follow, max-snippet:-1, max-image-preview:large, max-video-preview:-1\" \/>\n<link rel=\"canonical\" href=\"https:\/\/nomoreless.eu\/en\/productions\/role-on\/\" \/>\n<meta property=\"og:locale\" content=\"en_US\" \/>\n<meta property=\"og:type\" content=\"article\" \/>\n<meta property=\"og:title\" content=\"role on - cie.nomoreless\" \/>\n<meta property=\"og:url\" content=\"https:\/\/nomoreless.eu\/en\/productions\/role-on\/\" \/>\n<meta property=\"og:site_name\" content=\"cie.nomoreless\" \/>\n<meta property=\"article:publisher\" content=\"https:\/\/facebook.com\/cienomoreless\/\" \/>\n<meta property=\"article:modified_time\" content=\"2023-02-27T17:34:12+00:00\" \/>\n<meta property=\"og:image\" content=\"https:\/\/nomoreless.eu\/wp-content\/uploads\/2022\/07\/068_RoleOn_cMEYER_ORIGINALS.jpg\" \/>\n\t<meta property=\"og:image:width\" content=\"1772\" \/>\n\t<meta property=\"og:image:height\" content=\"1177\" \/>\n\t<meta property=\"og:image:type\" content=\"image\/jpeg\" \/>\n<meta name=\"twitter:card\" content=\"summary_large_image\" \/>\n<script type=\"application\/ld+json\" class=\"yoast-schema-graph\">{\"@context\":\"https:\/\/schema.org\",\"@graph\":[{\"@type\":\"WebPage\",\"@id\":\"https:\/\/nomoreless.eu\/en\/productions\/role-on\/\",\"url\":\"https:\/\/nomoreless.eu\/en\/productions\/role-on\/\",\"name\":\"role on - cie.nomoreless\",\"isPartOf\":{\"@id\":\"https:\/\/nomoreless.eu\/en\/#website\"},\"primaryImageOfPage\":{\"@id\":\"https:\/\/nomoreless.eu\/en\/productions\/role-on\/#primaryimage\"},\"image\":{\"@id\":\"https:\/\/nomoreless.eu\/en\/productions\/role-on\/#primaryimage\"},\"thumbnailUrl\":\"https:\/\/nomoreless.eu\/wp-content\/uploads\/2022\/07\/068_RoleOn_cMEYER_ORIGINALS.jpg\",\"datePublished\":\"2019-01-01T10:09:55+00:00\",\"dateModified\":\"2023-02-27T17:34:12+00:00\",\"breadcrumb\":{\"@id\":\"https:\/\/nomoreless.eu\/en\/productions\/role-on\/#breadcrumb\"},\"inLanguage\":\"en-US\",\"potentialAction\":[{\"@type\":\"ReadAction\",\"target\":[\"https:\/\/nomoreless.eu\/en\/productions\/role-on\/\"]}]},{\"@type\":\"ImageObject\",\"inLanguage\":\"en-US\",\"@id\":\"https:\/\/nomoreless.eu\/en\/productions\/role-on\/#primaryimage\",\"url\":\"https:\/\/nomoreless.eu\/wp-content\/uploads\/2022\/07\/068_RoleOn_cMEYER_ORIGINALS.jpg\",\"contentUrl\":\"https:\/\/nomoreless.eu\/wp-content\/uploads\/2022\/07\/068_RoleOn_cMEYER_ORIGINALS.jpg\",\"width\":1772,\"height\":1177,\"caption\":\"role on - mixed-abled \/ mixed-aged \/ mixed-gender Tanzperformance Cie. nomoreless K\u00fcnstlerische Leitung: Gitta Roser Choreografie: Gitta Roser \/ Claudia Jakobs-Neumeier Tanz: Jonas Kemper, Mechthild Kreuser, Hartmut Misgeld, Tuula Simon, Caroline Skibinski, Stephanie Terbr\u00fcggen, Clara Os\u00f3rio Vilarinho, Christina Zajber Au\u00dfenauge: Caroline Simon Produktionsleitung: Raphael Spiegel organisatorische Leitung: Caroline Skibinski Produktionsassistenz: Caroline Asal-Radler Musik: Markus Aust B\u00fchnenbild: miegL Kost\u00fcmbild: Stefanie Bold Licht\/Lichtgestaltung: Garlef Ke\u00dfler Audiodeskription: Lothar Kittstein PR\/\u00d6A: mechtild tellmann kulturmanagement\"},{\"@type\":\"BreadcrumbList\",\"@id\":\"https:\/\/nomoreless.eu\/en\/productions\/role-on\/#breadcrumb\",\"itemListElement\":[{\"@type\":\"ListItem\",\"position\":1,\"name\":\"Startseite\",\"item\":\"https:\/\/nomoreless.eu\/en\/start\/\"},{\"@type\":\"ListItem\",\"position\":2,\"name\":\"Productions\",\"item\":\"https:\/\/nomoreless.eu\/en\/productions\/\"},{\"@type\":\"ListItem\",\"position\":3,\"name\":\"role on\"}]},{\"@type\":\"WebSite\",\"@id\":\"https:\/\/nomoreless.eu\/en\/#website\",\"url\":\"https:\/\/nomoreless.eu\/en\/\",\"name\":\"cie.nomoreless\",\"description\":\"\",\"publisher\":{\"@id\":\"https:\/\/nomoreless.eu\/en\/#organization\"},\"potentialAction\":[{\"@type\":\"SearchAction\",\"target\":{\"@type\":\"EntryPoint\",\"urlTemplate\":\"https:\/\/nomoreless.eu\/en\/?s={search_term_string}\"},\"query-input\":{\"@type\":\"PropertyValueSpecification\",\"valueRequired\":true,\"valueName\":\"search_term_string\"}}],\"inLanguage\":\"en-US\"},{\"@type\":\"Organization\",\"@id\":\"https:\/\/nomoreless.eu\/en\/#organization\",\"name\":\"cie.nomoreless\",\"url\":\"https:\/\/nomoreless.eu\/en\/\",\"logo\":{\"@type\":\"ImageObject\",\"inLanguage\":\"en-US\",\"@id\":\"https:\/\/nomoreless.eu\/en\/#\/schema\/logo\/image\/\",\"url\":\"https:\/\/nomoreless.eu\/wp-content\/uploads\/2021\/10\/2_nml.jpg\",\"contentUrl\":\"https:\/\/nomoreless.eu\/wp-content\/uploads\/2021\/10\/2_nml.jpg\",\"width\":640,\"height\":360,\"caption\":\"cie.nomoreless\"},\"image\":{\"@id\":\"https:\/\/nomoreless.eu\/en\/#\/schema\/logo\/image\/\"},\"sameAs\":[\"https:\/\/facebook.com\/cienomoreless\/\",\"https:\/\/instagram.com\/compagnie_nomoreless\"]}]}<\/script>\n<!-- \/ Yoast SEO plugin. -->","yoast_head_json":{"title":"role on - cie.nomoreless","robots":{"index":"index","follow":"follow","max-snippet":"max-snippet:-1","max-image-preview":"max-image-preview:large","max-video-preview":"max-video-preview:-1"},"canonical":"https:\/\/nomoreless.eu\/en\/productions\/role-on\/","og_locale":"en_US","og_type":"article","og_title":"role on - cie.nomoreless","og_url":"https:\/\/nomoreless.eu\/en\/productions\/role-on\/","og_site_name":"cie.nomoreless","article_publisher":"https:\/\/facebook.com\/cienomoreless\/","article_modified_time":"2023-02-27T17:34:12+00:00","og_image":[{"width":1772,"height":1177,"url":"https:\/\/nomoreless.eu\/wp-content\/uploads\/2022\/07\/068_RoleOn_cMEYER_ORIGINALS.jpg","type":"image\/jpeg"}],"twitter_card":"summary_large_image","schema":{"@context":"https:\/\/schema.org","@graph":[{"@type":"WebPage","@id":"https:\/\/nomoreless.eu\/en\/productions\/role-on\/","url":"https:\/\/nomoreless.eu\/en\/productions\/role-on\/","name":"role on - cie.nomoreless","isPartOf":{"@id":"https:\/\/nomoreless.eu\/en\/#website"},"primaryImageOfPage":{"@id":"https:\/\/nomoreless.eu\/en\/productions\/role-on\/#primaryimage"},"image":{"@id":"https:\/\/nomoreless.eu\/en\/productions\/role-on\/#primaryimage"},"thumbnailUrl":"https:\/\/nomoreless.eu\/wp-content\/uploads\/2022\/07\/068_RoleOn_cMEYER_ORIGINALS.jpg","datePublished":"2019-01-01T10:09:55+00:00","dateModified":"2023-02-27T17:34:12+00:00","breadcrumb":{"@id":"https:\/\/nomoreless.eu\/en\/productions\/role-on\/#breadcrumb"},"inLanguage":"en-US","potentialAction":[{"@type":"ReadAction","target":["https:\/\/nomoreless.eu\/en\/productions\/role-on\/"]}]},{"@type":"ImageObject","inLanguage":"en-US","@id":"https:\/\/nomoreless.eu\/en\/productions\/role-on\/#primaryimage","url":"https:\/\/nomoreless.eu\/wp-content\/uploads\/2022\/07\/068_RoleOn_cMEYER_ORIGINALS.jpg","contentUrl":"https:\/\/nomoreless.eu\/wp-content\/uploads\/2022\/07\/068_RoleOn_cMEYER_ORIGINALS.jpg","width":1772,"height":1177,"caption":"role on - mixed-abled \/ mixed-aged \/ mixed-gender Tanzperformance Cie. nomoreless K\u00fcnstlerische Leitung: Gitta Roser Choreografie: Gitta Roser \/ Claudia Jakobs-Neumeier Tanz: Jonas Kemper, Mechthild Kreuser, Hartmut Misgeld, Tuula Simon, Caroline Skibinski, Stephanie Terbr\u00fcggen, Clara Os\u00f3rio Vilarinho, Christina Zajber Au\u00dfenauge: Caroline Simon Produktionsleitung: Raphael Spiegel organisatorische Leitung: Caroline Skibinski Produktionsassistenz: Caroline Asal-Radler Musik: Markus Aust B\u00fchnenbild: miegL Kost\u00fcmbild: Stefanie Bold Licht\/Lichtgestaltung: Garlef Ke\u00dfler Audiodeskription: Lothar Kittstein PR\/\u00d6A: mechtild tellmann kulturmanagement"},{"@type":"BreadcrumbList","@id":"https:\/\/nomoreless.eu\/en\/productions\/role-on\/#breadcrumb","itemListElement":[{"@type":"ListItem","position":1,"name":"Startseite","item":"https:\/\/nomoreless.eu\/en\/start\/"},{"@type":"ListItem","position":2,"name":"Productions","item":"https:\/\/nomoreless.eu\/en\/productions\/"},{"@type":"ListItem","position":3,"name":"role on"}]},{"@type":"WebSite","@id":"https:\/\/nomoreless.eu\/en\/#website","url":"https:\/\/nomoreless.eu\/en\/","name":"cie.nomoreless","description":"","publisher":{"@id":"https:\/\/nomoreless.eu\/en\/#organization"},"potentialAction":[{"@type":"SearchAction","target":{"@type":"EntryPoint","urlTemplate":"https:\/\/nomoreless.eu\/en\/?s={search_term_string}"},"query-input":{"@type":"PropertyValueSpecification","valueRequired":true,"valueName":"search_term_string"}}],"inLanguage":"en-US"},{"@type":"Organization","@id":"https:\/\/nomoreless.eu\/en\/#organization","name":"cie.nomoreless","url":"https:\/\/nomoreless.eu\/en\/","logo":{"@type":"ImageObject","inLanguage":"en-US","@id":"https:\/\/nomoreless.eu\/en\/#\/schema\/logo\/image\/","url":"https:\/\/nomoreless.eu\/wp-content\/uploads\/2021\/10\/2_nml.jpg","contentUrl":"https:\/\/nomoreless.eu\/wp-content\/uploads\/2021\/10\/2_nml.jpg","width":640,"height":360,"caption":"cie.nomoreless"},"image":{"@id":"https:\/\/nomoreless.eu\/en\/#\/schema\/logo\/image\/"},"sameAs":["https:\/\/facebook.com\/cienomoreless\/","https:\/\/instagram.com\/compagnie_nomoreless"]}]}},"_links":{"self":[{"href":"https:\/\/nomoreless.eu\/en\/wp-json\/wp\/v2\/pages\/1393","targetHints":{"allow":["GET"]}}],"collection":[{"href":"https:\/\/nomoreless.eu\/en\/wp-json\/wp\/v2\/pages"}],"about":[{"href":"https:\/\/nomoreless.eu\/en\/wp-json\/wp\/v2\/types\/page"}],"author":[{"embeddable":true,"href":"https:\/\/nomoreless.eu\/en\/wp-json\/wp\/v2\/users\/1"}],"replies":[{"embeddable":true,"href":"https:\/\/nomoreless.eu\/en\/wp-json\/wp\/v2\/comments?post=1393"}],"version-history":[{"count":13,"href":"https:\/\/nomoreless.eu\/en\/wp-json\/wp\/v2\/pages\/1393\/revisions"}],"predecessor-version":[{"id":4359,"href":"https:\/\/nomoreless.eu\/en\/wp-json\/wp\/v2\/pages\/1393\/revisions\/4359"}],"up":[{"embeddable":true,"href":"https:\/\/nomoreless.eu\/en\/wp-json\/wp\/v2\/pages\/1387"}],"wp:featuredmedia":[{"embeddable":true,"href":"https:\/\/nomoreless.eu\/en\/wp-json\/wp\/v2\/media\/2485"}],"wp:attachment":[{"href":"https:\/\/nomoreless.eu\/en\/wp-json\/wp\/v2\/media?parent=1393"}],"curies":[{"name":"wp","href":"https:\/\/api.w.org\/{rel}","templated":true}]}}