{"id":3721,"date":"2018-09-01T13:04:01","date_gmt":"2018-09-01T11:04:01","guid":{"rendered":"http:\/\/dev.nomoreless.eu\/team\/"},"modified":"2023-03-17T10:23:31","modified_gmt":"2023-03-17T09:23:31","slug":"team","status":"publish","type":"page","link":"https:\/\/nomoreless.eu\/ls\/team\/","title":{"rendered":"Team"},"content":{"rendered":"","protected":false},"excerpt":{"rendered":"","protected":false},"author":1,"featured_media":3723,"parent":0,"menu_order":0,"comment_status":"closed","ping_status":"closed","template":"page-hintergrundbild.php","meta":{"_acf_changed":false,"inline_featured_image":false,"footnotes":""},"class_list":["post-3721","page","type-page","status-publish","has-post-thumbnail","hentry"],"acf":[],"yoast_head":"<!-- This site is optimized with the Yoast SEO plugin v26.6 - https:\/\/yoast.com\/wordpress\/plugins\/seo\/ -->\n<title>Team - cie.nomoreless<\/title>\n<meta name=\"robots\" content=\"index, follow, max-snippet:-1, max-image-preview:large, max-video-preview:-1\" \/>\n<link rel=\"canonical\" href=\"https:\/\/nomoreless.eu\/ls\/team\/\" \/>\n<meta property=\"og:locale\" content=\"de_DE\" \/>\n<meta property=\"og:type\" content=\"article\" \/>\n<meta property=\"og:title\" content=\"Team - cie.nomoreless\" \/>\n<meta property=\"og:url\" content=\"https:\/\/nomoreless.eu\/ls\/team\/\" \/>\n<meta property=\"og:site_name\" content=\"cie.nomoreless\" \/>\n<meta property=\"article:publisher\" content=\"https:\/\/facebook.com\/cienomoreless\/\" \/>\n<meta property=\"article:modified_time\" content=\"2023-03-17T09:23:31+00:00\" \/>\n<meta property=\"og:image\" content=\"https:\/\/nomoreless.eu\/wp-content\/uploads\/2020\/12\/210_nomorelessLikePaper_cMEYER_ORIGINALS-2.jpg\" \/>\n\t<meta property=\"og:image:width\" content=\"1771\" \/>\n\t<meta property=\"og:image:height\" content=\"1178\" \/>\n\t<meta property=\"og:image:type\" content=\"image\/jpeg\" \/>\n<meta name=\"twitter:card\" content=\"summary_large_image\" \/>\n<script type=\"application\/ld+json\" class=\"yoast-schema-graph\">{\"@context\":\"https:\/\/schema.org\",\"@graph\":[{\"@type\":\"WebPage\",\"@id\":\"https:\/\/nomoreless.eu\/ls\/team\/\",\"url\":\"https:\/\/nomoreless.eu\/ls\/team\/\",\"name\":\"Team - cie.nomoreless\",\"isPartOf\":{\"@id\":\"https:\/\/nomoreless.eu\/ls\/#website\"},\"primaryImageOfPage\":{\"@id\":\"https:\/\/nomoreless.eu\/ls\/team\/#primaryimage\"},\"image\":{\"@id\":\"https:\/\/nomoreless.eu\/ls\/team\/#primaryimage\"},\"thumbnailUrl\":\"https:\/\/nomoreless.eu\/wp-content\/uploads\/2020\/12\/210_nomorelessLikePaper_cMEYER_ORIGINALS-2.jpg\",\"datePublished\":\"2018-09-01T11:04:01+00:00\",\"dateModified\":\"2023-03-17T09:23:31+00:00\",\"breadcrumb\":{\"@id\":\"https:\/\/nomoreless.eu\/ls\/team\/#breadcrumb\"},\"inLanguage\":\"de-LS\",\"potentialAction\":[{\"@type\":\"ReadAction\",\"target\":[\"https:\/\/nomoreless.eu\/ls\/team\/\"]}]},{\"@type\":\"ImageObject\",\"inLanguage\":\"de-LS\",\"@id\":\"https:\/\/nomoreless.eu\/ls\/team\/#primaryimage\",\"url\":\"https:\/\/nomoreless.eu\/wp-content\/uploads\/2020\/12\/210_nomorelessLikePaper_cMEYER_ORIGINALS-2.jpg\",\"contentUrl\":\"https:\/\/nomoreless.eu\/wp-content\/uploads\/2020\/12\/210_nomorelessLikePaper_cMEYER_ORIGINALS-2.jpg\",\"width\":1771,\"height\":1178,\"caption\":\"cie.nomoreless like paper\u2013 Tanzperformance &amp; Ausstellung K\u00fcnstlerische Leitung Gitta Roser \/\/ Choreografie Gitta Roser &amp; Claudia Jakobs-Neumeier \/\/ TanzMechthild Kreuser, Francisco Lara-Gonz\u00e1lez, Hartmut Misgeld, Henning Schulte, Tuula Simon, Stephanie Terbr\u00fcggen, Clara Os\u00f3rio Vilarinho \/\/ Darsteller*innen Projektionen Alfred Quarshie, Christina Zajber\/\/ Choreografische Assistenz Caroline Asal-Radler \/\/ Au\u00dfenauge Caroline Simon \/\/ Produktionsleitung Caroline Skibinski \/\/ ProduktionsassistenzTatjana Urban \/\/ FinanzenRaphael Spiegel \/\/ Musik\/Komposition Leonhard Huhn \/ B\u00fchnen-\/Kost\u00fcmbild Thomas Wien-Pegelow \/\/ Fotografien Projektionen &amp; Ausstellung Manuel Nagel \/\/ Ausstellungskonzept Christina Zajber, Gitta Roser \/\/ Licht\/Lichtgestaltung Garlef Ke\u00dfler \/\/ Audiodeskription Joana Tscheinig, Andrea Eberl \/\/ PR\/\u00d6A mechtild tellmann kulturmanagement\"},{\"@type\":\"BreadcrumbList\",\"@id\":\"https:\/\/nomoreless.eu\/ls\/team\/#breadcrumb\",\"itemListElement\":[{\"@type\":\"ListItem\",\"position\":1,\"name\":\"Startseite\",\"item\":\"https:\/\/nomoreless.eu\/ls\/startseite\/\"},{\"@type\":\"ListItem\",\"position\":2,\"name\":\"Team\"}]},{\"@type\":\"WebSite\",\"@id\":\"https:\/\/nomoreless.eu\/ls\/#website\",\"url\":\"https:\/\/nomoreless.eu\/ls\/\",\"name\":\"cie.nomoreless\",\"description\":\"\",\"publisher\":{\"@id\":\"https:\/\/nomoreless.eu\/ls\/#organization\"},\"potentialAction\":[{\"@type\":\"SearchAction\",\"target\":{\"@type\":\"EntryPoint\",\"urlTemplate\":\"https:\/\/nomoreless.eu\/ls\/?s={search_term_string}\"},\"query-input\":{\"@type\":\"PropertyValueSpecification\",\"valueRequired\":true,\"valueName\":\"search_term_string\"}}],\"inLanguage\":\"de-LS\"},{\"@type\":\"Organization\",\"@id\":\"https:\/\/nomoreless.eu\/ls\/#organization\",\"name\":\"cie.nomoreless\",\"url\":\"https:\/\/nomoreless.eu\/ls\/\",\"logo\":{\"@type\":\"ImageObject\",\"inLanguage\":\"de-LS\",\"@id\":\"https:\/\/nomoreless.eu\/ls\/#\/schema\/logo\/image\/\",\"url\":\"https:\/\/nomoreless.eu\/wp-content\/uploads\/2021\/10\/2_nml.jpg\",\"contentUrl\":\"https:\/\/nomoreless.eu\/wp-content\/uploads\/2021\/10\/2_nml.jpg\",\"width\":640,\"height\":360,\"caption\":\"cie.nomoreless\"},\"image\":{\"@id\":\"https:\/\/nomoreless.eu\/ls\/#\/schema\/logo\/image\/\"},\"sameAs\":[\"https:\/\/facebook.com\/cienomoreless\/\",\"https:\/\/instagram.com\/compagnie_nomoreless\"]}]}<\/script>\n<!-- \/ Yoast SEO plugin. -->","yoast_head_json":{"title":"Team - cie.nomoreless","robots":{"index":"index","follow":"follow","max-snippet":"max-snippet:-1","max-image-preview":"max-image-preview:large","max-video-preview":"max-video-preview:-1"},"canonical":"https:\/\/nomoreless.eu\/ls\/team\/","og_locale":"de_DE","og_type":"article","og_title":"Team - cie.nomoreless","og_url":"https:\/\/nomoreless.eu\/ls\/team\/","og_site_name":"cie.nomoreless","article_publisher":"https:\/\/facebook.com\/cienomoreless\/","article_modified_time":"2023-03-17T09:23:31+00:00","og_image":[{"width":1771,"height":1178,"url":"https:\/\/nomoreless.eu\/wp-content\/uploads\/2020\/12\/210_nomorelessLikePaper_cMEYER_ORIGINALS-2.jpg","type":"image\/jpeg"}],"twitter_card":"summary_large_image","schema":{"@context":"https:\/\/schema.org","@graph":[{"@type":"WebPage","@id":"https:\/\/nomoreless.eu\/ls\/team\/","url":"https:\/\/nomoreless.eu\/ls\/team\/","name":"Team - cie.nomoreless","isPartOf":{"@id":"https:\/\/nomoreless.eu\/ls\/#website"},"primaryImageOfPage":{"@id":"https:\/\/nomoreless.eu\/ls\/team\/#primaryimage"},"image":{"@id":"https:\/\/nomoreless.eu\/ls\/team\/#primaryimage"},"thumbnailUrl":"https:\/\/nomoreless.eu\/wp-content\/uploads\/2020\/12\/210_nomorelessLikePaper_cMEYER_ORIGINALS-2.jpg","datePublished":"2018-09-01T11:04:01+00:00","dateModified":"2023-03-17T09:23:31+00:00","breadcrumb":{"@id":"https:\/\/nomoreless.eu\/ls\/team\/#breadcrumb"},"inLanguage":"de-LS","potentialAction":[{"@type":"ReadAction","target":["https:\/\/nomoreless.eu\/ls\/team\/"]}]},{"@type":"ImageObject","inLanguage":"de-LS","@id":"https:\/\/nomoreless.eu\/ls\/team\/#primaryimage","url":"https:\/\/nomoreless.eu\/wp-content\/uploads\/2020\/12\/210_nomorelessLikePaper_cMEYER_ORIGINALS-2.jpg","contentUrl":"https:\/\/nomoreless.eu\/wp-content\/uploads\/2020\/12\/210_nomorelessLikePaper_cMEYER_ORIGINALS-2.jpg","width":1771,"height":1178,"caption":"cie.nomoreless like paper\u2013 Tanzperformance &amp; Ausstellung K\u00fcnstlerische Leitung Gitta Roser \/\/ Choreografie Gitta Roser &amp; Claudia Jakobs-Neumeier \/\/ TanzMechthild Kreuser, Francisco Lara-Gonz\u00e1lez, Hartmut Misgeld, Henning Schulte, Tuula Simon, Stephanie Terbr\u00fcggen, Clara Os\u00f3rio Vilarinho \/\/ Darsteller*innen Projektionen Alfred Quarshie, Christina Zajber\/\/ Choreografische Assistenz Caroline Asal-Radler \/\/ Au\u00dfenauge Caroline Simon \/\/ Produktionsleitung Caroline Skibinski \/\/ ProduktionsassistenzTatjana Urban \/\/ FinanzenRaphael Spiegel \/\/ Musik\/Komposition Leonhard Huhn \/ B\u00fchnen-\/Kost\u00fcmbild Thomas Wien-Pegelow \/\/ Fotografien Projektionen &amp; Ausstellung Manuel Nagel \/\/ Ausstellungskonzept Christina Zajber, Gitta Roser \/\/ Licht\/Lichtgestaltung Garlef Ke\u00dfler \/\/ Audiodeskription Joana Tscheinig, Andrea Eberl \/\/ PR\/\u00d6A mechtild tellmann kulturmanagement"},{"@type":"BreadcrumbList","@id":"https:\/\/nomoreless.eu\/ls\/team\/#breadcrumb","itemListElement":[{"@type":"ListItem","position":1,"name":"Startseite","item":"https:\/\/nomoreless.eu\/ls\/startseite\/"},{"@type":"ListItem","position":2,"name":"Team"}]},{"@type":"WebSite","@id":"https:\/\/nomoreless.eu\/ls\/#website","url":"https:\/\/nomoreless.eu\/ls\/","name":"cie.nomoreless","description":"","publisher":{"@id":"https:\/\/nomoreless.eu\/ls\/#organization"},"potentialAction":[{"@type":"SearchAction","target":{"@type":"EntryPoint","urlTemplate":"https:\/\/nomoreless.eu\/ls\/?s={search_term_string}"},"query-input":{"@type":"PropertyValueSpecification","valueRequired":true,"valueName":"search_term_string"}}],"inLanguage":"de-LS"},{"@type":"Organization","@id":"https:\/\/nomoreless.eu\/ls\/#organization","name":"cie.nomoreless","url":"https:\/\/nomoreless.eu\/ls\/","logo":{"@type":"ImageObject","inLanguage":"de-LS","@id":"https:\/\/nomoreless.eu\/ls\/#\/schema\/logo\/image\/","url":"https:\/\/nomoreless.eu\/wp-content\/uploads\/2021\/10\/2_nml.jpg","contentUrl":"https:\/\/nomoreless.eu\/wp-content\/uploads\/2021\/10\/2_nml.jpg","width":640,"height":360,"caption":"cie.nomoreless"},"image":{"@id":"https:\/\/nomoreless.eu\/ls\/#\/schema\/logo\/image\/"},"sameAs":["https:\/\/facebook.com\/cienomoreless\/","https:\/\/instagram.com\/compagnie_nomoreless"]}]}},"_links":{"self":[{"href":"https:\/\/nomoreless.eu\/ls\/wp-json\/wp\/v2\/pages\/3721","targetHints":{"allow":["GET"]}}],"collection":[{"href":"https:\/\/nomoreless.eu\/ls\/wp-json\/wp\/v2\/pages"}],"about":[{"href":"https:\/\/nomoreless.eu\/ls\/wp-json\/wp\/v2\/types\/page"}],"author":[{"embeddable":true,"href":"https:\/\/nomoreless.eu\/ls\/wp-json\/wp\/v2\/users\/1"}],"replies":[{"embeddable":true,"href":"https:\/\/nomoreless.eu\/ls\/wp-json\/wp\/v2\/comments?post=3721"}],"version-history":[{"count":16,"href":"https:\/\/nomoreless.eu\/ls\/wp-json\/wp\/v2\/pages\/3721\/revisions"}],"predecessor-version":[{"id":4888,"href":"https:\/\/nomoreless.eu\/ls\/wp-json\/wp\/v2\/pages\/3721\/revisions\/4888"}],"wp:featuredmedia":[{"embeddable":true,"href":"https:\/\/nomoreless.eu\/ls\/wp-json\/wp\/v2\/media\/3723"}],"wp:attachment":[{"href":"https:\/\/nomoreless.eu\/ls\/wp-json\/wp\/v2\/media?parent=3721"}],"curies":[{"name":"wp","href":"https:\/\/api.w.org\/{rel}","templated":true}]}}