{"id":3837,"date":"2019-05-06T18:26:24","date_gmt":"2019-05-06T16:26:24","guid":{"rendered":"http:\/\/dev.nomoreless.eu\/produktionen\/like-paper\/"},"modified":"2023-03-03T14:43:18","modified_gmt":"2023-03-03T13:43:18","slug":"like-paper","status":"publish","type":"page","link":"https:\/\/nomoreless.eu\/ls\/produktionen\/like-paper\/","title":{"rendered":"like paper"},"content":{"rendered":"","protected":false},"excerpt":{"rendered":"","protected":false},"author":3,"featured_media":3839,"parent":3623,"menu_order":0,"comment_status":"closed","ping_status":"closed","template":"page-hintergrundbild.php","meta":{"_acf_changed":false,"inline_featured_image":false,"footnotes":""},"class_list":["post-3837","page","type-page","status-publish","has-post-thumbnail","hentry"],"acf":[],"yoast_head":"<!-- This site is optimized with the Yoast SEO plugin v26.6 - https:\/\/yoast.com\/wordpress\/plugins\/seo\/ -->\n<title>like paper - cie.nomoreless<\/title>\n<meta name=\"robots\" content=\"index, follow, max-snippet:-1, max-image-preview:large, max-video-preview:-1\" \/>\n<link rel=\"canonical\" href=\"https:\/\/nomoreless.eu\/ls\/produktionen\/like-paper\/\" \/>\n<meta property=\"og:locale\" content=\"de_DE\" \/>\n<meta property=\"og:type\" content=\"article\" \/>\n<meta property=\"og:title\" content=\"like paper - cie.nomoreless\" \/>\n<meta property=\"og:url\" content=\"https:\/\/nomoreless.eu\/ls\/produktionen\/like-paper\/\" \/>\n<meta property=\"og:site_name\" content=\"cie.nomoreless\" \/>\n<meta property=\"article:publisher\" content=\"https:\/\/facebook.com\/cienomoreless\/\" \/>\n<meta property=\"article:modified_time\" content=\"2023-03-03T13:43:18+00:00\" \/>\n<meta property=\"og:image\" content=\"https:\/\/nomoreless.eu\/wp-content\/uploads\/2022\/07\/073_LikePaper_cMEYER_ORIGINALS-1.jpg\" \/>\n\t<meta property=\"og:image:width\" content=\"1772\" \/>\n\t<meta property=\"og:image:height\" content=\"1179\" \/>\n\t<meta property=\"og:image:type\" content=\"image\/jpeg\" \/>\n<meta name=\"twitter:card\" content=\"summary_large_image\" \/>\n<script type=\"application\/ld+json\" class=\"yoast-schema-graph\">{\"@context\":\"https:\/\/schema.org\",\"@graph\":[{\"@type\":\"WebPage\",\"@id\":\"https:\/\/nomoreless.eu\/ls\/produktionen\/like-paper\/\",\"url\":\"https:\/\/nomoreless.eu\/ls\/produktionen\/like-paper\/\",\"name\":\"like paper - cie.nomoreless\",\"isPartOf\":{\"@id\":\"https:\/\/nomoreless.eu\/ls\/#website\"},\"primaryImageOfPage\":{\"@id\":\"https:\/\/nomoreless.eu\/ls\/produktionen\/like-paper\/#primaryimage\"},\"image\":{\"@id\":\"https:\/\/nomoreless.eu\/ls\/produktionen\/like-paper\/#primaryimage\"},\"thumbnailUrl\":\"https:\/\/nomoreless.eu\/wp-content\/uploads\/2022\/07\/073_LikePaper_cMEYER_ORIGINALS-1.jpg\",\"datePublished\":\"2019-05-06T16:26:24+00:00\",\"dateModified\":\"2023-03-03T13:43:18+00:00\",\"breadcrumb\":{\"@id\":\"https:\/\/nomoreless.eu\/ls\/produktionen\/like-paper\/#breadcrumb\"},\"inLanguage\":\"de-LS\",\"potentialAction\":[{\"@type\":\"ReadAction\",\"target\":[\"https:\/\/nomoreless.eu\/ls\/produktionen\/like-paper\/\"]}]},{\"@type\":\"ImageObject\",\"inLanguage\":\"de-LS\",\"@id\":\"https:\/\/nomoreless.eu\/ls\/produktionen\/like-paper\/#primaryimage\",\"url\":\"https:\/\/nomoreless.eu\/wp-content\/uploads\/2022\/07\/073_LikePaper_cMEYER_ORIGINALS-1.jpg\",\"contentUrl\":\"https:\/\/nomoreless.eu\/wp-content\/uploads\/2022\/07\/073_LikePaper_cMEYER_ORIGINALS-1.jpg\",\"width\":1772,\"height\":1179,\"caption\":\"cie.nomoreless like paper\u2013 Tanzperformance &amp; Ausstellung K\u00fcnstlerische Leitung Gitta Roser \/\/ Choreografie Gitta Roser &amp; Claudia Jakobs-Neumeier \/\/ TanzMechthild Kreuser, Francisco Lara-Gonz\u00e1lez, Hartmut Misgeld, Henning Schulte, Tuula Simon, Stephanie Terbr\u00fcggen, Clara Os\u00f3rio Vilarinho \/\/ Darsteller*innen Projektionen Alfred Quarshie, Christina Zajber\/\/ Choreografische Assistenz Caroline Asal-Radler \/\/ Au\u00dfenauge Caroline Simon \/\/ Produktionsleitung Caroline Skibinski \/\/ ProduktionsassistenzTatjana Urban \/\/ FinanzenRaphael Spiegel \/\/ Musik\/Komposition Leonhard Huhn \/ B\u00fchnen-\/Kost\u00fcmbild Thomas Wien-Pegelow \/\/ Fotografien Projektionen &amp; Ausstellung Manuel Nagel \/\/ Ausstellungskonzept Christina Zajber, Gitta Roser \/\/ Licht\/Lichtgestaltung Garlef Ke\u00dfler \/\/ Audiodeskription Joana Tscheinig, Andrea Eberl \/\/ PR\/\u00d6A mechtild tellmann kulturmanagement\"},{\"@type\":\"BreadcrumbList\",\"@id\":\"https:\/\/nomoreless.eu\/ls\/produktionen\/like-paper\/#breadcrumb\",\"itemListElement\":[{\"@type\":\"ListItem\",\"position\":1,\"name\":\"Startseite\",\"item\":\"https:\/\/nomoreless.eu\/ls\/startseite\/\"},{\"@type\":\"ListItem\",\"position\":2,\"name\":\"Produktionen\",\"item\":\"https:\/\/nomoreless.eu\/ls\/produktionen\/\"},{\"@type\":\"ListItem\",\"position\":3,\"name\":\"like paper\"}]},{\"@type\":\"WebSite\",\"@id\":\"https:\/\/nomoreless.eu\/ls\/#website\",\"url\":\"https:\/\/nomoreless.eu\/ls\/\",\"name\":\"cie.nomoreless\",\"description\":\"\",\"publisher\":{\"@id\":\"https:\/\/nomoreless.eu\/ls\/#organization\"},\"potentialAction\":[{\"@type\":\"SearchAction\",\"target\":{\"@type\":\"EntryPoint\",\"urlTemplate\":\"https:\/\/nomoreless.eu\/ls\/?s={search_term_string}\"},\"query-input\":{\"@type\":\"PropertyValueSpecification\",\"valueRequired\":true,\"valueName\":\"search_term_string\"}}],\"inLanguage\":\"de-LS\"},{\"@type\":\"Organization\",\"@id\":\"https:\/\/nomoreless.eu\/ls\/#organization\",\"name\":\"cie.nomoreless\",\"url\":\"https:\/\/nomoreless.eu\/ls\/\",\"logo\":{\"@type\":\"ImageObject\",\"inLanguage\":\"de-LS\",\"@id\":\"https:\/\/nomoreless.eu\/ls\/#\/schema\/logo\/image\/\",\"url\":\"https:\/\/nomoreless.eu\/wp-content\/uploads\/2021\/10\/2_nml.jpg\",\"contentUrl\":\"https:\/\/nomoreless.eu\/wp-content\/uploads\/2021\/10\/2_nml.jpg\",\"width\":640,\"height\":360,\"caption\":\"cie.nomoreless\"},\"image\":{\"@id\":\"https:\/\/nomoreless.eu\/ls\/#\/schema\/logo\/image\/\"},\"sameAs\":[\"https:\/\/facebook.com\/cienomoreless\/\",\"https:\/\/instagram.com\/compagnie_nomoreless\"]}]}<\/script>\n<!-- \/ Yoast SEO plugin. -->","yoast_head_json":{"title":"like paper - cie.nomoreless","robots":{"index":"index","follow":"follow","max-snippet":"max-snippet:-1","max-image-preview":"max-image-preview:large","max-video-preview":"max-video-preview:-1"},"canonical":"https:\/\/nomoreless.eu\/ls\/produktionen\/like-paper\/","og_locale":"de_DE","og_type":"article","og_title":"like paper - cie.nomoreless","og_url":"https:\/\/nomoreless.eu\/ls\/produktionen\/like-paper\/","og_site_name":"cie.nomoreless","article_publisher":"https:\/\/facebook.com\/cienomoreless\/","article_modified_time":"2023-03-03T13:43:18+00:00","og_image":[{"width":1772,"height":1179,"url":"https:\/\/nomoreless.eu\/wp-content\/uploads\/2022\/07\/073_LikePaper_cMEYER_ORIGINALS-1.jpg","type":"image\/jpeg"}],"twitter_card":"summary_large_image","schema":{"@context":"https:\/\/schema.org","@graph":[{"@type":"WebPage","@id":"https:\/\/nomoreless.eu\/ls\/produktionen\/like-paper\/","url":"https:\/\/nomoreless.eu\/ls\/produktionen\/like-paper\/","name":"like paper - cie.nomoreless","isPartOf":{"@id":"https:\/\/nomoreless.eu\/ls\/#website"},"primaryImageOfPage":{"@id":"https:\/\/nomoreless.eu\/ls\/produktionen\/like-paper\/#primaryimage"},"image":{"@id":"https:\/\/nomoreless.eu\/ls\/produktionen\/like-paper\/#primaryimage"},"thumbnailUrl":"https:\/\/nomoreless.eu\/wp-content\/uploads\/2022\/07\/073_LikePaper_cMEYER_ORIGINALS-1.jpg","datePublished":"2019-05-06T16:26:24+00:00","dateModified":"2023-03-03T13:43:18+00:00","breadcrumb":{"@id":"https:\/\/nomoreless.eu\/ls\/produktionen\/like-paper\/#breadcrumb"},"inLanguage":"de-LS","potentialAction":[{"@type":"ReadAction","target":["https:\/\/nomoreless.eu\/ls\/produktionen\/like-paper\/"]}]},{"@type":"ImageObject","inLanguage":"de-LS","@id":"https:\/\/nomoreless.eu\/ls\/produktionen\/like-paper\/#primaryimage","url":"https:\/\/nomoreless.eu\/wp-content\/uploads\/2022\/07\/073_LikePaper_cMEYER_ORIGINALS-1.jpg","contentUrl":"https:\/\/nomoreless.eu\/wp-content\/uploads\/2022\/07\/073_LikePaper_cMEYER_ORIGINALS-1.jpg","width":1772,"height":1179,"caption":"cie.nomoreless like paper\u2013 Tanzperformance &amp; Ausstellung K\u00fcnstlerische Leitung Gitta Roser \/\/ Choreografie Gitta Roser &amp; Claudia Jakobs-Neumeier \/\/ TanzMechthild Kreuser, Francisco Lara-Gonz\u00e1lez, Hartmut Misgeld, Henning Schulte, Tuula Simon, Stephanie Terbr\u00fcggen, Clara Os\u00f3rio Vilarinho \/\/ Darsteller*innen Projektionen Alfred Quarshie, Christina Zajber\/\/ Choreografische Assistenz Caroline Asal-Radler \/\/ Au\u00dfenauge Caroline Simon \/\/ Produktionsleitung Caroline Skibinski \/\/ ProduktionsassistenzTatjana Urban \/\/ FinanzenRaphael Spiegel \/\/ Musik\/Komposition Leonhard Huhn \/ B\u00fchnen-\/Kost\u00fcmbild Thomas Wien-Pegelow \/\/ Fotografien Projektionen &amp; Ausstellung Manuel Nagel \/\/ Ausstellungskonzept Christina Zajber, Gitta Roser \/\/ Licht\/Lichtgestaltung Garlef Ke\u00dfler \/\/ Audiodeskription Joana Tscheinig, Andrea Eberl \/\/ PR\/\u00d6A mechtild tellmann kulturmanagement"},{"@type":"BreadcrumbList","@id":"https:\/\/nomoreless.eu\/ls\/produktionen\/like-paper\/#breadcrumb","itemListElement":[{"@type":"ListItem","position":1,"name":"Startseite","item":"https:\/\/nomoreless.eu\/ls\/startseite\/"},{"@type":"ListItem","position":2,"name":"Produktionen","item":"https:\/\/nomoreless.eu\/ls\/produktionen\/"},{"@type":"ListItem","position":3,"name":"like paper"}]},{"@type":"WebSite","@id":"https:\/\/nomoreless.eu\/ls\/#website","url":"https:\/\/nomoreless.eu\/ls\/","name":"cie.nomoreless","description":"","publisher":{"@id":"https:\/\/nomoreless.eu\/ls\/#organization"},"potentialAction":[{"@type":"SearchAction","target":{"@type":"EntryPoint","urlTemplate":"https:\/\/nomoreless.eu\/ls\/?s={search_term_string}"},"query-input":{"@type":"PropertyValueSpecification","valueRequired":true,"valueName":"search_term_string"}}],"inLanguage":"de-LS"},{"@type":"Organization","@id":"https:\/\/nomoreless.eu\/ls\/#organization","name":"cie.nomoreless","url":"https:\/\/nomoreless.eu\/ls\/","logo":{"@type":"ImageObject","inLanguage":"de-LS","@id":"https:\/\/nomoreless.eu\/ls\/#\/schema\/logo\/image\/","url":"https:\/\/nomoreless.eu\/wp-content\/uploads\/2021\/10\/2_nml.jpg","contentUrl":"https:\/\/nomoreless.eu\/wp-content\/uploads\/2021\/10\/2_nml.jpg","width":640,"height":360,"caption":"cie.nomoreless"},"image":{"@id":"https:\/\/nomoreless.eu\/ls\/#\/schema\/logo\/image\/"},"sameAs":["https:\/\/facebook.com\/cienomoreless\/","https:\/\/instagram.com\/compagnie_nomoreless"]}]}},"_links":{"self":[{"href":"https:\/\/nomoreless.eu\/ls\/wp-json\/wp\/v2\/pages\/3837","targetHints":{"allow":["GET"]}}],"collection":[{"href":"https:\/\/nomoreless.eu\/ls\/wp-json\/wp\/v2\/pages"}],"about":[{"href":"https:\/\/nomoreless.eu\/ls\/wp-json\/wp\/v2\/types\/page"}],"author":[{"embeddable":true,"href":"https:\/\/nomoreless.eu\/ls\/wp-json\/wp\/v2\/users\/3"}],"replies":[{"embeddable":true,"href":"https:\/\/nomoreless.eu\/ls\/wp-json\/wp\/v2\/comments?post=3837"}],"version-history":[{"count":13,"href":"https:\/\/nomoreless.eu\/ls\/wp-json\/wp\/v2\/pages\/3837\/revisions"}],"predecessor-version":[{"id":4770,"href":"https:\/\/nomoreless.eu\/ls\/wp-json\/wp\/v2\/pages\/3837\/revisions\/4770"}],"up":[{"embeddable":true,"href":"https:\/\/nomoreless.eu\/ls\/wp-json\/wp\/v2\/pages\/3623"}],"wp:featuredmedia":[{"embeddable":true,"href":"https:\/\/nomoreless.eu\/ls\/wp-json\/wp\/v2\/media\/3839"}],"wp:attachment":[{"href":"https:\/\/nomoreless.eu\/ls\/wp-json\/wp\/v2\/media?parent=3837"}],"curies":[{"name":"wp","href":"https:\/\/api.w.org\/{rel}","templated":true}]}}